{"id":3026,"date":"2019-12-23T22:22:42","date_gmt":"2019-12-23T19:22:42","guid":{"rendered":"https:\/\/yucecengiz.com\/de\/?page_id=3026"},"modified":"2025-01-30T21:29:27","modified_gmt":"2025-01-30T18:29:27","slug":"unsere-fertigungsprodukte","status":"publish","type":"page","link":"https:\/\/yucecengiz.com\/de\/unsere-fertigungsprodukte\/","title":{"rendered":"Unsere Fertigungsprodukte"},"content":{"rendered":"<p>[vc_row][vc_column width=&#8221;1\/3&#8243;]\t\t<div class=\"promo-banner-wrapper\">\n\t\t\t<div id=\"wd-643536b6ec3fe\" class=\"promo-banner banner-vr-align-middle banner-hr-align-center banner-border banner-hover-parallax color-scheme-dark banner-btn-size-default banner-btn-style-default  cursor-pointer\" onclick=\"window.location.href='\/de\/endustriyel-raf-sistemleri\/'\" >\n\n\t\t\t\t<div class=\"main-wrapp-img\">\n\t\t\t\t\t<div class=\"banner-image\">\n\t\t\t\t\t\t\t\t\t\t\t\t\t\t\t\t\t\t\t\t\t<img decoding=\"async\" class=\"promo-banner-image image-1 \" src=\"https:\/\/yucecengiz.com\/de\/wp-content\/uploads\/2019\/12\/raf_sistemi-450x338.png\" width=\"450\" height=\"338\" alt=\"raf_sistemi\" title=\"raf_sistemi\" \/>\t\t\t\t\t\t\t\t\t\t\t\t\t\t\t\t\t\t<\/div>\n\t\t\t\t<\/div>\n\n\t\t\t\t<div class=\"wrapper-content-banner \">\n\t\t\t\t\t<div class=\"content-banner text-center content-width-100\">\n\t\t\t\t\t\t\t<div class=\"banner-title-wrap banner-title-default\"><h4 class=\"banner-title woodmart-font-weight-\">INDUSTRIELLE REGALSYSTEME<\/h4><\/div>\n\t\t\t\t\t\t\t\t\t\t\t\t\t\t\t\t\t<\/div>\n\t\t\t\t<\/div>\n\t\t\t\t\t\t\t<\/div>\n\t\t<\/div>\n\t\t\n\t\t[vc_empty_space woodmart_hide_large=&#8221;0&#8243; woodmart_hide_medium=&#8221;0&#8243; woodmart_hide_small=&#8221;0&#8243; woodmart_hide_extra_small=&#8221;0&#8243;][\/vc_column][vc_column width=&#8221;1\/3&#8243;]\t\t<div class=\"promo-banner-wrapper\">\n\t\t\t<div id=\"wd-643536bcae7cc\" class=\"promo-banner banner-vr-align-middle banner-hr-align-center banner-border banner-hover-parallax color-scheme-dark banner-btn-size-default banner-btn-style-default  cursor-pointer\" onclick=\"window.location.href='\/de\/takim-asma-panolari\/'\" >\n\n\t\t\t\t<div class=\"main-wrapp-img\">\n\t\t\t\t\t<div class=\"banner-image\">\n\t\t\t\t\t\t\t\t\t\t\t\t\t\t\t\t\t\t\t\t\t<img decoding=\"async\" class=\"promo-banner-image image-1 \" src=\"https:\/\/yucecengiz.com\/de\/wp-content\/uploads\/2019\/12\/takim-asma-panolari-450x338.png\" width=\"450\" height=\"338\" alt=\"takim-asma-panolari\" title=\"takim-asma-panolari\" \/>\t\t\t\t\t\t\t\t\t\t\t\t\t\t\t\t\t\t<\/div>\n\t\t\t\t<\/div>\n\n\t\t\t\t<div class=\"wrapper-content-banner \">\n\t\t\t\t\t<div class=\"content-banner text-center content-width-100\">\n\t\t\t\t\t\t\t<div class=\"banner-title-wrap banner-title-default\"><h4 class=\"banner-title woodmart-font-weight-\">WERKZEUGWANDPANELE<\/h4><\/div>\n\t\t\t\t\t\t\t\t\t\t\t\t\t\t\t\t\t<\/div>\n\t\t\t\t<\/div>\n\t\t\t\t\t\t\t<\/div>\n\t\t<\/div>\n\t\t\n\t\t[vc_empty_space woodmart_hide_large=&#8221;0&#8243; woodmart_hide_medium=&#8221;0&#8243; woodmart_hide_small=&#8221;0&#8243; woodmart_hide_extra_small=&#8221;0&#8243;][\/vc_column][vc_column width=&#8221;1\/3&#8243;]\t\t<div class=\"promo-banner-wrapper\">\n\t\t\t<div id=\"wd-643536c272705\" class=\"promo-banner banner-vr-align-middle banner-hr-align-center banner-border banner-hover-parallax color-scheme-dark banner-btn-size-default banner-btn-style-default  cursor-pointer\" onclick=\"window.location.href='\/de\/takim-arabasi\/'\" >\n\n\t\t\t\t<div class=\"main-wrapp-img\">\n\t\t\t\t\t<div class=\"banner-image\">\n\t\t\t\t\t\t\t\t\t\t\t\t\t\t\t\t\t\t\t\t\t<img decoding=\"async\" class=\"promo-banner-image image-1 \" src=\"https:\/\/yucecengiz.com\/de\/wp-content\/uploads\/2019\/12\/takim-arabasi-450x338.png\" width=\"450\" height=\"338\" alt=\"takim-arabasi\" title=\"takim-arabasi\" \/>\t\t\t\t\t\t\t\t\t\t\t\t\t\t\t\t\t\t<\/div>\n\t\t\t\t<\/div>\n\n\t\t\t\t<div class=\"wrapper-content-banner \">\n\t\t\t\t\t<div class=\"content-banner text-center content-width-100\">\n\t\t\t\t\t\t\t<div class=\"banner-title-wrap banner-title-default\"><h4 class=\"banner-title woodmart-font-weight-\">WERKZEUGWAGEN<\/h4><\/div>\n\t\t\t\t\t\t\t\t\t\t\t\t\t\t\t\t\t<\/div>\n\t\t\t\t<\/div>\n\t\t\t\t\t\t\t<\/div>\n\t\t<\/div>\n\t\t\n\t\t[vc_empty_space woodmart_hide_large=&#8221;0&#8243; woodmart_hide_medium=&#8221;0&#8243; woodmart_hide_small=&#8221;0&#8243; woodmart_hide_extra_small=&#8221;0&#8243;][\/vc_column][\/vc_row][vc_row][vc_column width=&#8221;1\/3&#8243;]\t\t<div class=\"promo-banner-wrapper\">\n\t\t\t<div id=\"wd-643536c9351d3\" class=\"promo-banner banner-vr-align-middle banner-hr-align-center banner-border banner-hover-parallax color-scheme-dark banner-btn-size-default banner-btn-style-default  cursor-pointer\" onclick=\"window.location.href='\/de\/tasima-arabasi\/'\" >\n\n\t\t\t\t<div class=\"main-wrapp-img\">\n\t\t\t\t\t<div class=\"banner-image\">\n\t\t\t\t\t\t\t\t\t\t\t\t\t\t\t\t\t\t\t\t\t<img decoding=\"async\" class=\"promo-banner-image image-1 \" src=\"https:\/\/yucecengiz.com\/de\/wp-content\/uploads\/2019\/12\/tasima-arabasi-450x338.png\" width=\"450\" height=\"338\" alt=\"tasima-arabasi\" title=\"tasima-arabasi\" \/>\t\t\t\t\t\t\t\t\t\t\t\t\t\t\t\t\t\t<\/div>\n\t\t\t\t<\/div>\n\n\t\t\t\t<div class=\"wrapper-content-banner \">\n\t\t\t\t\t<div class=\"content-banner text-center content-width-100\">\n\t\t\t\t\t\t\t<div class=\"banner-title-wrap banner-title-default\"><h4 class=\"banner-title woodmart-font-weight-\">TRANSPORTWAGEN<\/h4><\/div>\n\t\t\t\t\t\t\t\t\t\t\t\t\t\t\t\t\t<\/div>\n\t\t\t\t<\/div>\n\t\t\t\t\t\t\t<\/div>\n\t\t<\/div>\n\t\t\n\t\t[vc_empty_space woodmart_hide_large=&#8221;0&#8243; woodmart_hide_medium=&#8221;0&#8243; woodmart_hide_small=&#8221;0&#8243; woodmart_hide_extra_small=&#8221;0&#8243;][\/vc_column][vc_column width=&#8221;1\/3&#8243;]\t\t<div class=\"promo-banner-wrapper\">\n\t\t\t<div id=\"wd-643536ce7044a\" class=\"promo-banner banner-vr-align-middle banner-hr-align-center banner-border banner-hover-parallax color-scheme-dark banner-btn-size-default banner-btn-style-default  cursor-pointer\" onclick=\"window.location.href='\/de\/metal-tablolar\/'\" >\n\n\t\t\t\t<div class=\"main-wrapp-img\">\n\t\t\t\t\t<div class=\"banner-image\">\n\t\t\t\t\t\t\t\t\t\t\t\t\t\t\t\t\t\t\t\t\t<img decoding=\"async\" class=\"promo-banner-image image-1 \" src=\"https:\/\/yucecengiz.com\/de\/wp-content\/uploads\/2020\/03\/metal-tablo-450x338.png\" width=\"450\" height=\"338\" alt=\"metal-tablo\" title=\"metal-tablo\" \/>\t\t\t\t\t\t\t\t\t\t\t\t\t\t\t\t\t\t<\/div>\n\t\t\t\t<\/div>\n\n\t\t\t\t<div class=\"wrapper-content-banner \">\n\t\t\t\t\t<div class=\"content-banner text-center content-width-100\">\n\t\t\t\t\t\t\t<div class=\"banner-title-wrap banner-title-default\"><h4 class=\"banner-title woodmart-font-weight-\">METALLTAFELN<\/h4><\/div>\n\t\t\t\t\t\t\t\t\t\t\t\t\t\t\t\t\t<\/div>\n\t\t\t\t<\/div>\n\t\t\t\t\t\t\t<\/div>\n\t\t<\/div>\n\t\t\n\t\t[vc_empty_space woodmart_hide_large=&#8221;0&#8243; woodmart_hide_medium=&#8221;0&#8243; woodmart_hide_small=&#8221;0&#8243; woodmart_hide_extra_small=&#8221;0&#8243;][\/vc_column][vc_column width=&#8221;1\/3&#8243;][\/vc_column][\/vc_row][vc_row disable_element=&#8221;yes&#8221; mobile_bg_img_hidden=&#8221;no&#8221; tablet_bg_img_hidden=&#8221;no&#8221; woodmart_parallax=&#8221;0&#8243; woodmart_gradient_switch=&#8221;no&#8221; row_reverse_mobile=&#8221;0&#8243; row_reverse_tablet=&#8221;0&#8243; woodmart_disable_overflow=&#8221;0&#8243;][vc_column width=&#8221;1\/3&#8243;]\t\t<div class=\"promo-banner-wrapper\">\n\t\t\t<div id=\"wd-5e01499d53226\" class=\"promo-banner banner-vr-align-middle banner-hr-align-center banner-border banner-hover-parallax color-scheme-dark banner-btn-size-default banner-btn-style-default  cursor-pointer\" onclick=\"window.location.href='\/surgu-kapi-imalati\/'\" >\n\n\t\t\t\t<div class=\"main-wrapp-img\">\n\t\t\t\t\t<div class=\"banner-image\">\n\t\t\t\t\t\t\t\t\t\t\t\t\t\t\t\t\t\t\t\t\t<img decoding=\"async\" class=\"promo-banner-image image-1 \" src=\"https:\/\/yucecengiz.com\/de\/wp-content\/uploads\/2019\/12\/tasima-arabasi-450x338.png\" width=\"450\" height=\"338\" alt=\"tasima-arabasi\" title=\"tasima-arabasi\" \/>\t\t\t\t\t\t\t\t\t\t\t\t\t\t\t\t\t\t<\/div>\n\t\t\t\t<\/div>\n\n\t\t\t\t<div class=\"wrapper-content-banner \">\n\t\t\t\t\t<div class=\"content-banner text-center content-width-100\">\n\t\t\t\t\t\t\t<div class=\"banner-title-wrap banner-title-default\"><h4 class=\"banner-title woodmart-font-weight-\">TA\u015eIMA<br \/>\nARABASI<\/h4><\/div>\n\t\t\t\t\t\t\t\t\t\t\t\t\t\t\t\t\t<\/div>\n\t\t\t\t<\/div>\n\t\t\t\t\t\t\t<\/div>\n\t\t<\/div>\n\t\t\n\t\t[\/vc_column][vc_column width=&#8221;1\/3&#8243;]\t\t<div class=\"promo-banner-wrapper\">\n\t\t\t<div id=\"wd-5e0149a60fe3a\" class=\"promo-banner banner-vr-align-middle banner-hr-align-center banner-border banner-hover-parallax color-scheme-dark banner-btn-size-default banner-btn-style-default  cursor-pointer\" onclick=\"window.location.href='\/surgu-kapi-imalati\/'\" >\n\n\t\t\t\t<div class=\"main-wrapp-img\">\n\t\t\t\t\t<div class=\"banner-image\">\n\t\t\t\t\t\t\t\t\t\t\t\t\t\t\t\t\t\t\t\t\t<img decoding=\"async\" class=\"promo-banner-image image-1 \" src=\"https:\/\/yucecengiz.com\/de\/wp-content\/uploads\/2019\/12\/metal-tablo-ve-saatler-450x338.png\" width=\"450\" height=\"338\" alt=\"metal-tablo-ve-saatler\" title=\"metal-tablo-ve-saatler\" \/>\t\t\t\t\t\t\t\t\t\t\t\t\t\t\t\t\t\t<\/div>\n\t\t\t\t<\/div>\n\n\t\t\t\t<div class=\"wrapper-content-banner \">\n\t\t\t\t\t<div class=\"content-banner text-center content-width-100\">\n\t\t\t\t\t\t\t<div class=\"banner-title-wrap banner-title-default\"><h4 class=\"banner-title woodmart-font-weight-\">METAL TABLO<br \/>\nVE SAATLER<\/h4><\/div>\n\t\t\t\t\t\t\t\t\t\t\t\t\t\t\t\t\t<\/div>\n\t\t\t\t<\/div>\n\t\t\t\t\t\t\t<\/div>\n\t\t<\/div>\n\t\t\n\t\t[\/vc_column][vc_column width=&#8221;1\/3&#8243; css=&#8221;.vc_custom_1577142636839{border-top-width: 5px !important;border-right-width: 5px !important;border-bottom-width: 5px !important;border-left-width: 5px !important;padding-top: 7vh !important;padding-right: -10px !important;padding-bottom: 8vh !important;padding-left: -10px !important;border-left-color: #aa8541 !important;border-left-style: solid !important;border-right-color: #aa8541 !important;border-right-style: solid !important;border-top-color: #aa8541 !important;border-top-style: solid !important;border-bottom-color: #aa8541 !important;border-bottom-style: solid !important;border-radius: 1px !important;}&#8221; mobile_bg_img_hidden=&#8221;no&#8221; tablet_bg_img_hidden=&#8221;no&#8221; woodmart_parallax=&#8221;0&#8243; woodmart_sticky_column=&#8221;false&#8221; parallax_scroll=&#8221;no&#8221; mobile_reset_margin=&#8221;no&#8221; tablet_reset_margin=&#8221;no&#8221;][vc_custom_heading text=&#8221;B\u0130Z S\u0130Z\u0130<br \/>\nARAYALIM&#8221; font_container=&#8221;tag:h4|font_size:36|text_align:center|color:%23aa8541|line_height:1.2&#8243; use_theme_fonts=&#8221;yes&#8221; css=&#8221;.vc_custom_1577142611119{margin-bottom: 15px !important;}&#8221;][\/vc_column][\/vc_row][vc_row full_width=&#8221;stretch_row&#8221; equal_height=&#8221;yes&#8221; content_placement=&#8221;middle&#8221; disable_element=&#8221;yes&#8221; css=&#8221;.vc_custom_1577142301147{padding-right: 0px !important;padding-left: 0px !important;}&#8221; mobile_bg_img_hidden=&#8221;no&#8221; tablet_bg_img_hidden=&#8221;no&#8221; woodmart_parallax=&#8221;0&#8243; woodmart_gradient_switch=&#8221;no&#8221; row_reverse_mobile=&#8221;0&#8243; row_reverse_tablet=&#8221;0&#8243; woodmart_disable_overflow=&#8221;0&#8243; el_id=&#8221;neler-yapiyoruz&#8221;][vc_column css=&#8221;.vc_custom_1577118470496{padding-right: 0px !important;padding-left: 0px !important;}&#8221; mobile_bg_img_hidden=&#8221;no&#8221; tablet_bg_img_hidden=&#8221;no&#8221; woodmart_parallax=&#8221;0&#8243; woodmart_sticky_column=&#8221;false&#8221; parallax_scroll=&#8221;no&#8221; mobile_reset_margin=&#8221;no&#8221; tablet_reset_margin=&#8221;no&#8221;][vc_row_inner content_placement=&#8221;middle&#8221; css=&#8221;.vc_custom_1577142202537{padding-top: 0px !important;padding-bottom: 0px !important;background-color: #fcfcfc !important;}&#8221; row_reverse_mobile=&#8221;0&#8243; row_reverse_tablet=&#8221;0&#8243;][vc_column_inner width=&#8221;1\/3&#8243; css=&#8221;.vc_custom_1577118283653{padding-top: 0px !important;padding-right: 0px !important;padding-bottom: 0px !important;padding-left: 0px !important;}&#8221;]\t\t<div class=\"promo-banner-wrapper\">\n\t\t\t<div id=\"wd-5e013f22a150a\" class=\"promo-banner banner-vr-align-middle banner-hr-align-center banner-border banner-hover-parallax color-scheme-dark banner-btn-size-default banner-btn-style-default  cursor-pointer\" onclick=\"window.location.href='\/surgu-kapi-imalati\/'\" >\n\n\t\t\t\t<div class=\"main-wrapp-img\">\n\t\t\t\t\t<div class=\"banner-image\">\n\t\t\t\t\t\t\t\t\t\t\t\t\t\t\t\t\t\t\t\t\t<img decoding=\"async\" class=\"promo-banner-image image-1 \" src=\"https:\/\/yucecengiz.com\/de\/wp-content\/uploads\/2019\/12\/raf_sistemi-450x338.png\" width=\"450\" height=\"338\" alt=\"raf_sistemi\" title=\"raf_sistemi\" \/>\t\t\t\t\t\t\t\t\t\t\t\t\t\t\t\t\t\t<\/div>\n\t\t\t\t<\/div>\n\n\t\t\t\t<div class=\"wrapper-content-banner \">\n\t\t\t\t\t<div class=\"content-banner text-center content-width-100\">\n\t\t\t\t\t\t\t<div class=\"banner-title-wrap banner-title-extra-large\"><h4 class=\"banner-title woodmart-font-weight-\">END\u00dcSTR\u0130YEL<br \/>\nRAF S\u0130STEMLER\u0130<\/h4><\/div>\n\t\t\t\t\t\t\t\t\t\t\t\t\t\t\t\t\t<\/div>\n\t\t\t\t<\/div>\n\t\t\t\t\t\t\t<\/div>\n\t\t<\/div>\n\t\t\n\t\t[\/vc_column_inner][vc_column_inner width=&#8221;1\/3&#8243; css=&#8221;.vc_custom_1577118287290{padding-top: 0px !important;padding-right: 0px !important;padding-bottom: 0px !important;padding-left: 0px !important;}&#8221;]\t\t<div class=\"promo-banner-wrapper\">\n\t\t\t<div id=\"wd-5e014206b0369\" class=\"promo-banner banner-vr-align-middle banner-hr-align-center banner-border banner-hover-parallax color-scheme-dark banner-btn-size-default banner-btn-style-default  cursor-pointer\" onclick=\"window.location.href='\/surgu-kapi-imalati\/'\" >\n\n\t\t\t\t<div class=\"main-wrapp-img\">\n\t\t\t\t\t<div class=\"banner-image\">\n\t\t\t\t\t\t\t\t\t\t\t\t\t\t\t\t\t\t\t\t\t<img decoding=\"async\" class=\"promo-banner-image image-1 \" src=\"https:\/\/yucecengiz.com\/de\/wp-content\/uploads\/2019\/12\/takim-asma-panolari-450x338.png\" width=\"450\" height=\"338\" alt=\"takim-asma-panolari\" title=\"takim-asma-panolari\" \/>\t\t\t\t\t\t\t\t\t\t\t\t\t\t\t\t\t\t<\/div>\n\t\t\t\t<\/div>\n\n\t\t\t\t<div class=\"wrapper-content-banner \">\n\t\t\t\t\t<div class=\"content-banner text-center content-width-100\">\n\t\t\t\t\t\t\t<div class=\"banner-title-wrap banner-title-extra-large\"><h4 class=\"banner-title woodmart-font-weight-\">TAKIM ASMA<br \/>\nPANOLARI<\/h4><\/div>\n\t\t\t\t\t\t\t\t\t\t\t\t\t\t\t\t\t<\/div>\n\t\t\t\t<\/div>\n\t\t\t\t\t\t\t<\/div>\n\t\t<\/div>\n\t\t\n\t\t[\/vc_column_inner][vc_column_inner width=&#8221;1\/3&#8243; css=&#8221;.vc_custom_1577118293770{padding-top: 0px !important;padding-right: 0px !important;padding-bottom: 0px !important;padding-left: 0px !important;}&#8221;]\t\t<div class=\"promo-banner-wrapper\">\n\t\t\t<div id=\"wd-5e01449de6aa9\" class=\"promo-banner banner-vr-align-middle banner-hr-align-center banner-border banner-hover-parallax color-scheme-dark banner-btn-size-default banner-btn-style-default  cursor-pointer\" onclick=\"window.location.href='\/surgu-kapi-imalati\/'\" >\n\n\t\t\t\t<div class=\"main-wrapp-img\">\n\t\t\t\t\t<div class=\"banner-image\">\n\t\t\t\t\t\t\t\t\t\t\t\t\t\t\t\t\t\t\t\t\t<img decoding=\"async\" class=\"promo-banner-image image-1 \" src=\"https:\/\/yucecengiz.com\/de\/wp-content\/uploads\/2019\/12\/takim-arabasi-450x338.png\" width=\"450\" height=\"338\" alt=\"takim-arabasi\" title=\"takim-arabasi\" \/>\t\t\t\t\t\t\t\t\t\t\t\t\t\t\t\t\t\t<\/div>\n\t\t\t\t<\/div>\n\n\t\t\t\t<div class=\"wrapper-content-banner \">\n\t\t\t\t\t<div class=\"content-banner text-center content-width-100\">\n\t\t\t\t\t\t\t<div class=\"banner-title-wrap banner-title-extra-large\"><h4 class=\"banner-title woodmart-font-weight-\">TAKIM<br \/>\nARABASI<\/h4><\/div>\n\t\t\t\t\t\t\t\t\t\t\t\t\t\t\t\t\t<\/div>\n\t\t\t\t<\/div>\n\t\t\t\t\t\t\t<\/div>\n\t\t<\/div>\n\t\t\n\t\t[\/vc_column_inner][\/vc_row_inner][vc_row_inner content_placement=&#8221;middle&#8221; css=&#8221;.vc_custom_1577117182284{margin-top: -5px !important;padding-top: 0px !important;padding-bottom: 0px !important;background-color: #fcfcfc !important;}&#8221; row_reverse_mobile=&#8221;0&#8243; row_reverse_tablet=&#8221;0&#8243;][vc_column_inner width=&#8221;1\/3&#8243; css=&#8221;.vc_custom_1577139256430{padding-top: 0px !important;padding-right: 0px !important;padding-bottom: 0px !important;padding-left: 0px !important;}&#8221;]\t\t<div class=\"promo-banner-wrapper\">\n\t\t\t<div id=\"wd-5e014619c5e39\" class=\"promo-banner banner-vr-align-middle banner-hr-align-center banner-border banner-hover-parallax color-scheme-dark banner-btn-size-default banner-btn-style-default  cursor-pointer\" onclick=\"window.location.href='\/surgu-kapi-imalati\/'\" >\n\n\t\t\t\t<div class=\"main-wrapp-img\">\n\t\t\t\t\t<div class=\"banner-image\">\n\t\t\t\t\t\t\t\t\t\t\t\t\t\t\t\t\t\t\t\t\t<img decoding=\"async\" class=\"promo-banner-image image-1 \" src=\"https:\/\/yucecengiz.com\/de\/wp-content\/uploads\/2019\/12\/tasima-arabasi-450x338.png\" width=\"450\" height=\"338\" alt=\"tasima-arabasi\" title=\"tasima-arabasi\" \/>\t\t\t\t\t\t\t\t\t\t\t\t\t\t\t\t\t\t<\/div>\n\t\t\t\t<\/div>\n\n\t\t\t\t<div class=\"wrapper-content-banner \">\n\t\t\t\t\t<div class=\"content-banner text-center content-width-100\">\n\t\t\t\t\t\t\t<div class=\"banner-title-wrap banner-title-extra-large\"><h4 class=\"banner-title woodmart-font-weight-\">TA\u015eIMA<br \/>\nARABASI<\/h4><\/div>\n\t\t\t\t\t\t\t\t\t\t\t\t\t\t\t\t\t<\/div>\n\t\t\t\t<\/div>\n\t\t\t\t\t\t\t<\/div>\n\t\t<\/div>\n\t\t\n\t\t[\/vc_column_inner][vc_column_inner width=&#8221;1\/3&#8243; css=&#8221;.vc_custom_1577139263029{padding-top: 0px !important;padding-right: 0px !important;padding-bottom: 0px !important;padding-left: 0px !important;}&#8221;]\t\t<div class=\"promo-banner-wrapper\">\n\t\t\t<div id=\"wd-5e01472e812e2\" class=\"promo-banner banner-vr-align-middle banner-hr-align-center banner-border banner-hover-parallax color-scheme-dark banner-btn-size-default banner-btn-style-default  cursor-pointer\" onclick=\"window.location.href='\/surgu-kapi-imalati\/'\" >\n\n\t\t\t\t<div class=\"main-wrapp-img\">\n\t\t\t\t\t<div class=\"banner-image\">\n\t\t\t\t\t\t\t\t\t\t\t\t\t\t\t\t\t\t\t\t\t<img decoding=\"async\" class=\"promo-banner-image image-1 \" src=\"https:\/\/yucecengiz.com\/de\/wp-content\/uploads\/2019\/12\/metal-tablo-ve-saatler-450x338.png\" width=\"450\" height=\"338\" alt=\"metal-tablo-ve-saatler\" title=\"metal-tablo-ve-saatler\" \/>\t\t\t\t\t\t\t\t\t\t\t\t\t\t\t\t\t\t<\/div>\n\t\t\t\t<\/div>\n\n\t\t\t\t<div class=\"wrapper-content-banner \">\n\t\t\t\t\t<div class=\"content-banner text-center content-width-100\">\n\t\t\t\t\t\t\t<div class=\"banner-title-wrap banner-title-extra-large\"><h4 class=\"banner-title woodmart-font-weight-\">METAL TABLO<br \/>\nVE SAATLER<\/h4><\/div>\n\t\t\t\t\t\t\t\t\t\t\t\t\t\t\t\t\t<\/div>\n\t\t\t\t<\/div>\n\t\t\t\t\t\t\t<\/div>\n\t\t<\/div>\n\t\t\n\t\t[\/vc_column_inner][vc_column_inner width=&#8221;1\/3&#8243; css=&#8221;.vc_custom_1577142382276{padding-top: 18vh !important;padding-right: 0px !important;padding-bottom: 19vh !important;padding-left: 0px !important;background-color: #ef7f1a !important;}&#8221;][vc_custom_heading text=&#8221;B\u0130Z S\u0130Z\u0130<br \/>\nARAYALIM&#8221; font_container=&#8221;tag:h4|font_size:36|text_align:center|color:%23ffffff|line_height:1.2&#8243; use_theme_fonts=&#8221;yes&#8221; css=&#8221;.vc_custom_1577115914721{margin-bottom: 15px !important;}&#8221;]<div id=\"wd-5e00e4b654ebc\" class=\"woodmart-button-wrapper text-center\"><a href=\"#my_popup\" title=\"\" class=\"btn btn-color-default btn-style-default btn-shape-rectangle btn-size-default woodmart-open-popup \">TELEFON NUMARANIZ?<\/a><\/div><div id=\"my_popup\" class=\"mfp-with-anim woodmart-content-popup mfp-hide\" style=\"max-width:800px;\"><div class=\"woodmart-popup-inner\">\n\t\t<div id=\"wd-5e00ee060c975\" class=\"title-wrapper  woodmart-title-color-default woodmart-title-style-default woodmart-title-width-100 text-left woodmart-title-size-small \">\n\t\t\t\n\t\t\t<div class=\"liner-continer\">\n\t\t\t\t<span class=\"left-line\"><\/span>\n\t\t\t\t<h4 class=\"woodmart-title-container title  woodmart-font-weight-\" >B\u0130Z S\u0130Z\u0130 ARAYALIM<\/h4>\t\t\t\t\t\t\t\t<span class=\"right-line\"><\/span>\n\t\t\t<\/div>\n\t\t\t\n\t\t\t\n\t\t\t\t\t<\/div>\n\t\t\n\t\t[contact-form-7 404 \"Nicht gefunden\"]<\/div><\/div>[\/vc_column_inner][\/vc_row_inner][\/vc_column][\/vc_row]<\/p>\n","protected":false},"excerpt":{"rendered":"<p>[vc_row][vc_column width=&#8221;1\/3&#8243;][vc_empty_space woodmart_hide_large=&#8221;0&#8243; woodmart_hide_medium=&#8221;0&#8243; woodmart_hide_small=&#8221;0&#8243; woodmart_hide_extra_small=&#8221;0&#8243;][\/vc_column][vc_column width=&#8221;1\/3&#8243;][vc_empty_space woodmart_hide_large=&#8221;0&#8243; woodmart_hide_medium=&#8221;0&#8243; woodmart_hide_small=&#8221;0&#8243; woodmart_hide_extra_small=&#8221;0&#8243;][\/vc_column][vc_column width=&#8221;1\/3&#8243;][vc_empty_space woodmart_hide_large=&#8221;0&#8243; woodmart_hide_medium=&#8221;0&#8243; woodmart_hide_small=&#8221;0&#8243; woodmart_hide_extra_small=&#8221;0&#8243;][\/vc_column][\/vc_row][vc_row][vc_column width=&#8221;1\/3&#8243;][vc_empty_space woodmart_hide_large=&#8221;0&#8243; woodmart_hide_medium=&#8221;0&#8243; woodmart_hide_small=&#8221;0&#8243;<\/p>\n","protected":false},"author":1,"featured_media":0,"parent":0,"menu_order":0,"comment_status":"closed","ping_status":"closed","template":"","meta":{"footnotes":""},"class_list":["post-3026","page","type-page","status-publish","hentry"],"_links":{"self":[{"href":"https:\/\/yucecengiz.com\/de\/wp-json\/wp\/v2\/pages\/3026","targetHints":{"allow":["GET"]}}],"collection":[{"href":"https:\/\/yucecengiz.com\/de\/wp-json\/wp\/v2\/pages"}],"about":[{"href":"https:\/\/yucecengiz.com\/de\/wp-json\/wp\/v2\/types\/page"}],"author":[{"embeddable":true,"href":"https:\/\/yucecengiz.com\/de\/wp-json\/wp\/v2\/users\/1"}],"replies":[{"embeddable":true,"href":"https:\/\/yucecengiz.com\/de\/wp-json\/wp\/v2\/comments?post=3026"}],"version-history":[{"count":35,"href":"https:\/\/yucecengiz.com\/de\/wp-json\/wp\/v2\/pages\/3026\/revisions"}],"predecessor-version":[{"id":5076,"href":"https:\/\/yucecengiz.com\/de\/wp-json\/wp\/v2\/pages\/3026\/revisions\/5076"}],"wp:attachment":[{"href":"https:\/\/yucecengiz.com\/de\/wp-json\/wp\/v2\/media?parent=3026"}],"curies":[{"name":"wp","href":"https:\/\/api.w.org\/{rel}","templated":true}]}}