{"id":3747,"date":"2020-03-02T06:39:54","date_gmt":"2020-03-02T03:39:54","guid":{"rendered":"https:\/\/yucecengiz.com\/de\/?page_id=3747"},"modified":"2025-01-30T21:29:52","modified_gmt":"2025-01-30T18:29:52","slug":"karierte-platten","status":"publish","type":"page","link":"https:\/\/yucecengiz.com\/de\/karierte-platten\/","title":{"rendered":"KARIERTE PLATTEN"},"content":{"rendered":"<p>[vc_row content_placement=&#8221;middle&#8221; css=&#8221;.vc_custom_1583131055448{margin-bottom: 5vh !important;}&#8221; mobile_bg_img_hidden=&#8221;no&#8221; tablet_bg_img_hidden=&#8221;no&#8221; woodmart_parallax=&#8221;0&#8243; woodmart_gradient_switch=&#8221;no&#8221; row_reverse_mobile=&#8221;0&#8243; row_reverse_tablet=&#8221;0&#8243; woodmart_disable_overflow=&#8221;0&#8243;][vc_column width=&#8221;1\/4&#8243; offset=&#8221;vc_col-md-6&#8243; mobile_bg_img_hidden=&#8221;no&#8221; tablet_bg_img_hidden=&#8221;no&#8221; woodmart_parallax=&#8221;0&#8243; woodmart_sticky_column=&#8221;false&#8221; parallax_scroll=&#8221;no&#8221; mobile_reset_margin=&#8221;no&#8221; tablet_reset_margin=&#8221;no&#8221;][vc_row_inner][vc_column_inner][vc_column_text text_larger=&#8221;no&#8221;]<\/p>\n<div class=\"group w-full text-gray-800 dark:text-gray-100 border-b border-black\/10 dark:border-gray-900\/50 bg-gray-50 dark:bg-[#444654]\">\n<div class=\"text-base gap-4 md:gap-6 md:max-w-2xl lg:max-w-2xl xl:max-w-3xl p-4 md:py-6 flex lg:px-0 m-auto\">\n<div class=\"relative flex w-[calc(100%-50px)] flex-col gap-1 md:gap-3 lg:w-[calc(100%-115px)]\">\n<div class=\"flex flex-grow flex-col gap-3\">\n<div class=\"min-h-[20px] flex flex-col items-start gap-4 whitespace-pre-wrap\">\n<div class=\"markdown prose w-full break-words dark:prose-invert light\">\n<h2>KARIERTE PLATTEN<\/h2>\n<\/div>\n<\/div>\n<\/div>\n<\/div>\n<\/div>\n<\/div>\n<p>Verwendungszweck und Einsatzbereiche: Schwarzgewalzte Stahlbleche, die insbesondere auf Bodenfl\u00e4chen eingesetzt werden, um die Rutschigkeit der Oberfl\u00e4chen von Eisen- und Stahlblechen zu verhindern und diese im Laufe der Zeit noch rutschfester zu machen, werden durch die durch das Walzen verursachten gepr\u00e4gten Muster auf der Oberfl\u00e4che Reibungskr\u00e4fte erh\u00f6ht, wodurch umgebungsbedingte Risikofaktoren eliminiert werden. In offenen Bereichen, wo es zu N\u00e4sse und Beschlagen kommen kann, ist der Einsatz von Musterblechen erforderlich, um die Verwendung der Blechoberfl\u00e4che noch sinnvoller zu gestalten.<\/p>\n<p>Sie werden haupts\u00e4chlich als Feuertreppen, Gehwege, Rampen, Maschinen, Schiff- und K\u00fcstenanlagen oder Fahrzeuge, LKW- und Anh\u00e4ngerkabinen, Treppen, Schrankt\u00fcren, dekorative Fassaden oder Bodenbel\u00e4ge eingesetzt.[\/vc_column_text][\/vc_column_inner][\/vc_row_inner][vc_separator][\/vc_column][vc_column width=&#8221;1\/2&#8243; woodmart_color_scheme=&#8221;dark&#8221; css=&#8221;.vc_custom_1577143986435{padding-top: 2vh !important;padding-bottom: 2vh !important;background-position: 0 0 !important;background-repeat: no-repeat !important;}&#8221; offset=&#8221;vc_col-md-6 vc_col-xs-12&#8243; mobile_bg_img_hidden=&#8221;no&#8221; tablet_bg_img_hidden=&#8221;no&#8221; woodmart_parallax=&#8221;0&#8243; woodmart_sticky_column=&#8221;false&#8221; parallax_scroll=&#8221;no&#8221; mobile_reset_margin=&#8221;no&#8221; tablet_reset_margin=&#8221;no&#8221;][vc_row_inner][vc_column_inner][vc_single_image image=&#8221;3748&#8243; img_size=&#8221;full&#8221; alignment=&#8221;center&#8221; style=&#8221;vc_box_border&#8221; parallax_scroll=&#8221;no&#8221;][\/vc_column_inner][\/vc_row_inner][\/vc_column][\/vc_row][vc_row][vc_column width=&#8221;1\/6&#8243;][\/vc_column][vc_column width=&#8221;2\/3&#8243;][vc_column_text text_larger=&#8221;no&#8221;]<\/p>\n<table width=\"550\">\n<tbody>\n<tr>\n<td colspan=\"5\" width=\"550\">\n<h2>Karierte Platten Gewichtstabelle<\/h2>\n<\/td>\n<\/tr>\n<tr>\n<td><b>D\u0130CKE<\/b><\/td>\n<td><strong>1000*2000<\/strong><\/td>\n<td><strong>1200*2400<\/strong><\/td>\n<td><strong>1250*2500<\/strong><\/td>\n<td><strong>1500*3000<\/strong><\/td>\n<\/tr>\n<tr>\n<td>2\/3 mm<\/td>\n<td>42 kg<\/td>\n<td>60 kg<\/td>\n<td>65 kg<\/td>\n<td>93 kg<\/td>\n<\/tr>\n<tr>\n<td>3\/4 mm<\/td>\n<td>58 kg<\/td>\n<td>83 kg<\/td>\n<td>90 kg<\/td>\n<td>124 kg<\/td>\n<\/tr>\n<tr>\n<td>4\/5 mm<\/td>\n<td>74 kg<\/td>\n<td>106 kg<\/td>\n<td>115 kg<\/td>\n<td>155 kg<\/td>\n<\/tr>\n<\/tbody>\n<\/table>\n<p>&nbsp;[\/vc_column_text][\/vc_column][vc_column width=&#8221;1\/6&#8243;][\/vc_column][\/vc_row][vc_row full_width=&#8221;stretch_row&#8221; disable_element=&#8221;yes&#8221; css=&#8221;.vc_custom_1583129789646{padding-top: 8vh !important;padding-bottom: 8vh !important;background-image: url(https:\/\/yucecengiz.com\/de\/wp-content\/uploads\/2019\/12\/rrrr.png?id=3112) !important;}&#8221; mobile_bg_img_hidden=&#8221;no&#8221; tablet_bg_img_hidden=&#8221;no&#8221; woodmart_parallax=&#8221;0&#8243; woodmart_gradient_switch=&#8221;no&#8221; row_reverse_mobile=&#8221;0&#8243; row_reverse_tablet=&#8221;0&#8243; woodmart_disable_overflow=&#8221;0&#8243;][vc_column css=&#8221;.vc_custom_1509440190496{padding-top: 0px !important;}&#8221;]\t\t\t<div id=\"gallery_417\" class=\"woodmart-images-gallery view-grid photoswipe-images\" >\n\t\t\t\t<div class=\"gallery-images row woodmart-spacing-20\">\n\t\t\t\t\t\t\t\t\t\t\t\t\t\t\t\t\t\t<div class=\"woodmart-gallery-item col-md-3 col-sm-4 col-6\">\n\t\t\t\t\t\t\t\t\t\t\t\t\t\t\t\t\t<a href=\"https:\/\/yucecengiz.com\/de\/wp-content\/uploads\/2020\/03\/elektrostatik-toz-boyalama-islemi-2-1024x684-1.jpg\" data-index=\"1\" data-width=\"1024\" data-height=\"684\"  >\n\t\t\t\t\t\t\t\t\t\t\t\t\t\t\t\t\n\t\t\t\t\t\t\t\t\t\t\t\t\t\t\t\t\t<img decoding=\"async\" class=\"woodmart-lazy-load woodmart-lazy-fade woodmart-gallery-image image-1 \" src=\"data:image\/jpg;base64,\/9j\/4AAQSkZJRgABAQEAYABgAAD\/\/gA7Q1JFQVRPUjogZ2QtanBlZyB2MS4wICh1c2luZyBJSkcgSlBFRyB2NjIpLCBxdWFsaXR5ID0gODIK\/9sAQwAGBAQFBAQGBQUFBgYGBwkOCQkICAkSDQ0KDhUSFhYVEhQUFxohHBcYHxkUFB0nHR8iIyUlJRYcKSwoJCshJCUk\/9sAQwEGBgYJCAkRCQkRJBgUGCQkJCQkJCQkJCQkJCQkJCQkJCQkJCQkJCQkJCQkJCQkJCQkJCQkJCQkJCQkJCQkJCQk\/8AAEQgACgAOAwEiAAIRAQMRAf\/EAB8AAAEFAQEBAQEBAAAAAAAAAAABAgMEBQYHCAkKC\/\/EALUQAAIBAwMCBAMFBQQEAAABfQECAwAEEQUSITFBBhNRYQcicRQygZGhCCNCscEVUtHwJDNicoIJChYXGBkaJSYnKCkqNDU2Nzg5OkNERUZHSElKU1RVVldYWVpjZGVmZ2hpanN0dXZ3eHl6g4SFhoeIiYqSk5SVlpeYmZqio6Slpqeoqaqys7S1tre4ubrCw8TFxsfIycrS09TV1tfY2drh4uPk5ebn6Onq8fLz9PX29\/j5+v\/EAB8BAAMBAQEBAQEBAQEAAAAAAAABAgMEBQYHCAkKC\/\/EALURAAIBAgQEAwQHBQQEAAECdwABAgMRBAUhMQYSQVEHYXETIjKBCBRCkaGxwQkjM1LwFWJy0QoWJDThJfEXGBkaJicoKSo1Njc4OTpDREVGR0hJSlNUVVZXWFlaY2RlZmdoaWpzdHV2d3h5eoKDhIWGh4iJipKTlJWWl5iZmqKjpKWmp6ipqrKztLW2t7i5usLDxMXGx8jJytLT1NXW19jZ2uLj5OXm5+jp6vLz9PX29\/j5+v\/aAAwDAQACEQMRAD8AoaXfxzaslubaIxyW0rNlBkFXUKc9edz\/AF4qWKPTm8LWV9FJFdTzSZlKLjaSMkFRyMHPWvKW1bUbVGW3v7uFQTgRzMoHPsaw73xNrvmn\/idal1\/5+n\/xqFsKW7P\/2Q==\" data-wood-src=\"https:\/\/yucecengiz.com\/de\/wp-content\/uploads\/2020\/03\/elektrostatik-toz-boyalama-islemi-2-1024x684-1-400x300.jpg\" width=\"400\" height=\"300\" alt=\"elektrostatik-toz-boyalama-islemi-2-1024x684\" title=\"elektrostatik-toz-boyalama-islemi-2-1024x684\" \/>\t\t\t\t\t\t\t\t\t\t\t\t\t\t\t\t\n\t\t\t\t\t\t\t\t\t\t\t\t\t\t\t\t\t<\/a>\n\t\t\t\t\t\t\t\t\t\t\t\t\t\t\t<\/div>\n\t\t\t\t\t\t\t\t\t\t\t\t\t<div class=\"woodmart-gallery-item col-md-3 col-sm-4 col-6\">\n\t\t\t\t\t\t\t\t\t\t\t\t\t\t\t\t\t<a href=\"https:\/\/yucecengiz.com\/de\/wp-content\/uploads\/2020\/03\/elektrostatik-toz-boyalama-islemi-4.jpg\" data-index=\"2\" data-width=\"800\" data-height=\"422\"  >\n\t\t\t\t\t\t\t\t\t\t\t\t\t\t\t\t\n\t\t\t\t\t\t\t\t\t\t\t\t\t\t\t\t\t<img decoding=\"async\" class=\"woodmart-lazy-load woodmart-lazy-fade woodmart-gallery-image image-2 \" src=\"data:image\/jpg;base64,\/9j\/4AAQSkZJRgABAQEAYABgAAD\/\/gA7Q1JFQVRPUjogZ2QtanBlZyB2MS4wICh1c2luZyBJSkcgSlBFRyB2NjIpLCBxdWFsaXR5ID0gODIK\/9sAQwAGBAQFBAQGBQUFBgYGBwkOCQkICAkSDQ0KDhUSFhYVEhQUFxohHBcYHxkUFB0nHR8iIyUlJRYcKSwoJCshJCUk\/9sAQwEGBgYJCAkRCQkRJBgUGCQkJCQkJCQkJCQkJCQkJCQkJCQkJCQkJCQkJCQkJCQkJCQkJCQkJCQkJCQkJCQkJCQk\/8AAEQgACgAOAwEiAAIRAQMRAf\/EAB8AAAEFAQEBAQEBAAAAAAAAAAABAgMEBQYHCAkKC\/\/EALUQAAIBAwMCBAMFBQQEAAABfQECAwAEEQUSITFBBhNRYQcicRQygZGhCCNCscEVUtHwJDNicoIJChYXGBkaJSYnKCkqNDU2Nzg5OkNERUZHSElKU1RVVldYWVpjZGVmZ2hpanN0dXZ3eHl6g4SFhoeIiYqSk5SVlpeYmZqio6Slpqeoqaqys7S1tre4ubrCw8TFxsfIycrS09TV1tfY2drh4uPk5ebn6Onq8fLz9PX29\/j5+v\/EAB8BAAMBAQEBAQEBAQEAAAAAAAABAgMEBQYHCAkKC\/\/EALURAAIBAgQEAwQHBQQEAAECdwABAgMRBAUhMQYSQVEHYXETIjKBCBRCkaGxwQkjM1LwFWJy0QoWJDThJfEXGBkaJicoKSo1Njc4OTpDREVGR0hJSlNUVVZXWFlaY2RlZmdoaWpzdHV2d3h5eoKDhIWGh4iJipKTlJWWl5iZmqKjpKWmp6ipqrKztLW2t7i5usLDxMXGx8jJytLT1NXW19jZ2uLj5OXm5+jp6vLz9PX29\/j5+v\/aAAwDAQACEQMRAD8A6K517VpQr\/a3iDLgr9nyce\/Uc9vWiXVNVnRX\/wCEhmgQkhdyOOnb93XReKrK1i8TaXDHbQpFJDKXRUAViM4JHepoNH02bXHil0+0eMG5+RoVI4eMDjHYE\/ma5qdKlb3YJfJHTOrW6z\/BI\/\/Z\" data-wood-src=\"https:\/\/yucecengiz.com\/de\/wp-content\/uploads\/2020\/03\/elektrostatik-toz-boyalama-islemi-4-400x300.jpg\" width=\"400\" height=\"300\" alt=\"elektrostatik-toz-boyalama-islemi-4\" title=\"elektrostatik-toz-boyalama-islemi-4\" \/>\t\t\t\t\t\t\t\t\t\t\t\t\t\t\t\t\n\t\t\t\t\t\t\t\t\t\t\t\t\t\t\t\t\t<\/a>\n\t\t\t\t\t\t\t\t\t\t\t\t\t\t\t<\/div>\n\t\t\t\t\t\t\t\t\t\t\t\t\t<div class=\"woodmart-gallery-item col-md-3 col-sm-4 col-6\">\n\t\t\t\t\t\t\t\t\t\t\t\t\t\t\t\t\t<a href=\"https:\/\/yucecengiz.com\/de\/wp-content\/uploads\/2020\/03\/elektrostatik-toz-boyalama-islemi-5.jpg\" data-index=\"3\" data-width=\"750\" data-height=\"500\"  >\n\t\t\t\t\t\t\t\t\t\t\t\t\t\t\t\t\n\t\t\t\t\t\t\t\t\t\t\t\t\t\t\t\t\t<img decoding=\"async\" class=\"woodmart-lazy-load woodmart-lazy-fade woodmart-gallery-image image-3 \" src=\"data:image\/jpg;base64,\/9j\/4AAQSkZJRgABAQEAYABgAAD\/\/gA7Q1JFQVRPUjogZ2QtanBlZyB2MS4wICh1c2luZyBJSkcgSlBFRyB2NjIpLCBxdWFsaXR5ID0gODIK\/9sAQwAGBAQFBAQGBQUFBgYGBwkOCQkICAkSDQ0KDhUSFhYVEhQUFxohHBcYHxkUFB0nHR8iIyUlJRYcKSwoJCshJCUk\/9sAQwEGBgYJCAkRCQkRJBgUGCQkJCQkJCQkJCQkJCQkJCQkJCQkJCQkJCQkJCQkJCQkJCQkJCQkJCQkJCQkJCQkJCQk\/8AAEQgACgAOAwEiAAIRAQMRAf\/EAB8AAAEFAQEBAQEBAAAAAAAAAAABAgMEBQYHCAkKC\/\/EALUQAAIBAwMCBAMFBQQEAAABfQECAwAEEQUSITFBBhNRYQcicRQygZGhCCNCscEVUtHwJDNicoIJChYXGBkaJSYnKCkqNDU2Nzg5OkNERUZHSElKU1RVVldYWVpjZGVmZ2hpanN0dXZ3eHl6g4SFhoeIiYqSk5SVlpeYmZqio6Slpqeoqaqys7S1tre4ubrCw8TFxsfIycrS09TV1tfY2drh4uPk5ebn6Onq8fLz9PX29\/j5+v\/EAB8BAAMBAQEBAQEBAQEAAAAAAAABAgMEBQYHCAkKC\/\/EALURAAIBAgQEAwQHBQQEAAECdwABAgMRBAUhMQYSQVEHYXETIjKBCBRCkaGxwQkjM1LwFWJy0QoWJDThJfEXGBkaJicoKSo1Njc4OTpDREVGR0hJSlNUVVZXWFlaY2RlZmdoaWpzdHV2d3h5eoKDhIWGh4iJipKTlJWWl5iZmqKjpKWmp6ipqrKztLW2t7i5usLDxMXGx8jJytLT1NXW19jZ2uLj5OXm5+jp6vLz9PX29\/j5+v\/aAAwDAQACEQMRAD8Ava5Laz20jf2TpSOkiKHgiKEghz2b\/Y\/WuP1YwyPCF3WzFdxxMxBzg9zx17VpaSTcaFeecTJtlgA3844f1o1K1tzqUuYIvlSID5BwPKTiu+tCmm04nn0p1Gk1I\/\/Z\" data-wood-src=\"https:\/\/yucecengiz.com\/de\/wp-content\/uploads\/2020\/03\/elektrostatik-toz-boyalama-islemi-5-400x300.jpg\" width=\"400\" height=\"300\" alt=\"elektrostatik-toz-boyalama-islemi-5\" title=\"elektrostatik-toz-boyalama-islemi-5\" \/>\t\t\t\t\t\t\t\t\t\t\t\t\t\t\t\t\n\t\t\t\t\t\t\t\t\t\t\t\t\t\t\t\t\t<\/a>\n\t\t\t\t\t\t\t\t\t\t\t\t\t\t\t<\/div>\n\t\t\t\t\t\t\t\t\t\t\t\t\t<div class=\"woodmart-gallery-item col-md-3 col-sm-4 col-6\">\n\t\t\t\t\t\t\t\t\t\t\t\t\t\t\t\t\t<a href=\"https:\/\/yucecengiz.com\/de\/wp-content\/uploads\/2020\/03\/elektrostatik-toz-boyalama-islemi-3.jpg\" data-index=\"4\" data-width=\"375\" data-height=\"134\"  >\n\t\t\t\t\t\t\t\t\t\t\t\t\t\t\t\t\n\t\t\t\t\t\t\t\t\t\t\t\t\t\t\t\t\t<img decoding=\"async\" class=\"woodmart-lazy-load woodmart-lazy-fade woodmart-gallery-image image-4 \" src=\"data:image\/jpg;base64,\/9j\/4AAQSkZJRgABAQEAYABgAAD\/\/gA7Q1JFQVRPUjogZ2QtanBlZyB2MS4wICh1c2luZyBJSkcgSlBFRyB2NjIpLCBxdWFsaXR5ID0gODIK\/9sAQwAGBAQFBAQGBQUFBgYGBwkOCQkICAkSDQ0KDhUSFhYVEhQUFxohHBcYHxkUFB0nHR8iIyUlJRYcKSwoJCshJCUk\/9sAQwEGBgYJCAkRCQkRJBgUGCQkJCQkJCQkJCQkJCQkJCQkJCQkJCQkJCQkJCQkJCQkJCQkJCQkJCQkJCQkJCQkJCQk\/8AAEQgACgAOAwEiAAIRAQMRAf\/EAB8AAAEFAQEBAQEBAAAAAAAAAAABAgMEBQYHCAkKC\/\/EALUQAAIBAwMCBAMFBQQEAAABfQECAwAEEQUSITFBBhNRYQcicRQygZGhCCNCscEVUtHwJDNicoIJChYXGBkaJSYnKCkqNDU2Nzg5OkNERUZHSElKU1RVVldYWVpjZGVmZ2hpanN0dXZ3eHl6g4SFhoeIiYqSk5SVlpeYmZqio6Slpqeoqaqys7S1tre4ubrCw8TFxsfIycrS09TV1tfY2drh4uPk5ebn6Onq8fLz9PX29\/j5+v\/EAB8BAAMBAQEBAQEBAQEAAAAAAAABAgMEBQYHCAkKC\/\/EALURAAIBAgQEAwQHBQQEAAECdwABAgMRBAUhMQYSQVEHYXETIjKBCBRCkaGxwQkjM1LwFWJy0QoWJDThJfEXGBkaJicoKSo1Njc4OTpDREVGR0hJSlNUVVZXWFlaY2RlZmdoaWpzdHV2d3h5eoKDhIWGh4iJipKTlJWWl5iZmqKjpKWmp6ipqrKztLW2t7i5usLDxMXGx8jJytLT1NXW19jZ2uLj5OXm5+jp6vLz9PX29\/j5+v\/aAAwDAQACEQMRAD8Ay\/FvxRjjtLhhoulwTuTgLnkn+9tIIPvXGR+J5NRuzJdaXFLlCSRPJChORgg5JPHYcevOKy9PUTarAJAHDTHIbnNJfs326U5OdxGc9s16VfK6HDdN0MFfnmled2np0Vtj0eFshp5nF5hj5e0admmlrppr5dj\/2Q==\" data-wood-src=\"https:\/\/yucecengiz.com\/de\/wp-content\/uploads\/2020\/03\/elektrostatik-toz-boyalama-islemi-3.jpg\" width=\"375\" height=\"134\" alt=\"elektrostatik-toz-boyalama-islemi-3\" title=\"elektrostatik-toz-boyalama-islemi-3\" \/>\t\t\t\t\t\t\t\t\t\t\t\t\t\t\t\t\n\t\t\t\t\t\t\t\t\t\t\t\t\t\t\t\t\t<\/a>\n\t\t\t\t\t\t\t\t\t\t\t\t\t\t\t<\/div>\n\t\t\t\t\t\t\t\t\t\t\t\t\t\t\t<\/div>\n\t\t\t<\/div>\n\t\t\t\t\t[\/vc_column][\/vc_row][vc_row disable_element=&#8221;yes&#8221; css=&#8221;.vc_custom_1583128772481{margin-bottom: 5vh !important;}&#8221; mobile_bg_img_hidden=&#8221;no&#8221; tablet_bg_img_hidden=&#8221;no&#8221; woodmart_parallax=&#8221;0&#8243; woodmart_gradient_switch=&#8221;no&#8221; row_reverse_mobile=&#8221;0&#8243; row_reverse_tablet=&#8221;0&#8243; woodmart_disable_overflow=&#8221;0&#8243;][vc_column woodmart_color_scheme=&#8221;dark&#8221; css=&#8221;.vc_custom_1505552126475{background-position: 0 0 !important;background-repeat: no-repeat !important;}&#8221;]\t\n\t\t\t<div id=\"wd-640f4df6101dc\" class=\"woodmart-text-block-wrapper color-scheme-custom woodmart-title-size-custom woodmart-title-width-50 text-center vc_custom_1678724602925\">\n\t\t\t\t<div class=\"woodmart-title-container woodmart-text-block font-primary woodmart-font-weight-400\">\n\t\t\t\t\tCNC Drahtbiegung\t\t\t\t<\/div>\n\t\t\t\t\t\n\t\t\t<\/div>\n\t\t[\/vc_column][vc_column width=&#8221;1\/6&#8243;][\/vc_column][vc_column width=&#8221;2\/3&#8243; css=&#8221;.vc_custom_1505898481858{margin-bottom: -250px !important;border-top-width: 20px !important;border-right-width: 20px !important;border-bottom-width: 20px !important;border-left-width: 20px !important;padding-top: 0px !important;padding-right: 0px !important;padding-left: 0px !important;border-left-color: #ffffff !important;border-left-style: solid !important;border-right-color: #ffffff !important;border-right-style: solid !important;border-top-color: #ffffff !important;border-top-style: solid !important;border-bottom-color: #ffffff !important;border-bottom-style: solid !important;}&#8221; el_class=&#8221;position-relative z-index-10&#8243;][vc_video link=&#8221;https:\/\/www.youtube.com\/watch?v=eDAjH0f77fw&amp;feature=emb_title&#8221; align=&#8221;center&#8221; poster_image=&#8221;3680&#8243; image_poster_switch=&#8221;yes&#8221; css=&#8221;.vc_custom_1583128392882{margin-bottom: 0px !important;background-color: #ffffff !important;}&#8221;][\/vc_column][\/vc_row][vc_row full_width=&#8221;stretch_row&#8221; disable_element=&#8221;yes&#8221; css=&#8221;.vc_custom_1583128777399{margin-bottom: -30px !important;padding-top: 220px !important;padding-bottom: 50px !important;background-color: #aa8541 !important;}&#8221; mobile_bg_img_hidden=&#8221;no&#8221; tablet_bg_img_hidden=&#8221;no&#8221; woodmart_parallax=&#8221;0&#8243; woodmart_gradient_switch=&#8221;no&#8221; row_reverse_mobile=&#8221;0&#8243; row_reverse_tablet=&#8221;0&#8243; woodmart_disable_overflow=&#8221;0&#8243;][vc_column][vc_row_inner disable_element=&#8221;yes&#8221; css=&#8221;.vc_custom_1577144133796{margin-bottom: 30px !important;}&#8221; row_reverse_mobile=&#8221;0&#8243; row_reverse_tablet=&#8221;0&#8243;][vc_column_inner width=&#8221;1\/2&#8243; css=&#8221;.vc_custom_1505897947716{margin-bottom: 20px !important;border-right-width: 1px !important;padding-top: 0px !important;padding-bottom: 0px !important;border-right-color: rgba(73,73,73,0.09) !important;border-right-style: solid !important;}&#8221; offset=&#8221;vc_col-lg-3 vc_col-md-6 vc_col-xs-12&#8243;]\t\t\t<div class=\"info-box-wrapper \">\n\t\t\t\t<div id=\"wd-5e014c9cc6b7a\" class=\" woodmart-info-box text-center box-icon-align-top box-style- color-scheme- woodmart-bg-none box-title-default vc_custom_1577143461031\"  >\n\t\t\t\t\t\t\t\t\t\t\t<div class=\"box-icon-wrapper  box-with-icon box-icon-simple\">\n\t\t\t\t\t\t\t<div class=\"info-box-icon\">\n\n\t\t\t\t\t\t\t\n\t\t\t\t\t\t\t\t\t\t\t\t\t\t\t\t\t\t\t\t\t\t\t\t\t\t\t\t\t\t\t\t\t\n\t\t\t\t\t\t\t\n\t\t\t\t\t\t\t<\/div>\n\t\t\t\t\t\t<\/div>\n\t\t\t\t\t\t\t\t\t\t<div class=\"info-box-content\">\n\t\t\t\t\t\t<div class=\"info-box-subtitle subtitle-color-primary subtitle-style-default woodmart-font-weight-\"><strong>DESIGN PROCESS<\/strong><\/div>\t\t\t\t\t\t<div class=\"info-box-inner reset-mb-10\">\n\t\t\t\t\t\t\t<p>Sit eu mauris et ac imperdiet facilisi facilisi nulla adipiscing consectetur vel aliquet at condimentum.<\/p>\n\t\t\t\t\t\t<\/div>\n\n\t\t\t\t\t\t\t\t\t\t\t\t\n\t\t\t\t\t<\/div>\n\n\t\t\t\t\t<style><\/style>\t\t\t\t<\/div>\n\t\t\t<\/div>\n\t\t[\/vc_column_inner][vc_column_inner width=&#8221;1\/2&#8243; css=&#8221;.vc_custom_1505897954324{margin-bottom: 20px !important;}&#8221; offset=&#8221;vc_col-lg-3 vc_col-md-6 vc_col-xs-12&#8243;]\t\t\t<div class=\"info-box-wrapper \">\n\t\t\t\t<div id=\"wd-5e014ca7b576e\" class=\" woodmart-info-box text-center box-icon-align-top box-style- color-scheme- woodmart-bg-none box-title-default vc_custom_1577143467606\"  >\n\t\t\t\t\t\t\t\t\t\t\t<div class=\"box-icon-wrapper  box-with-icon box-icon-simple\">\n\t\t\t\t\t\t\t<div class=\"info-box-icon\">\n\n\t\t\t\t\t\t\t\n\t\t\t\t\t\t\t\t\t\t\t\t\t\t\t\t\t\t\t\t\t\t\t\t\t\t\t\t\t\t\t\t\t\n\t\t\t\t\t\t\t\n\t\t\t\t\t\t\t<\/div>\n\t\t\t\t\t\t<\/div>\n\t\t\t\t\t\t\t\t\t\t<div class=\"info-box-content\">\n\t\t\t\t\t\t<div class=\"info-box-subtitle subtitle-color-primary subtitle-style-default woodmart-font-weight-\"><strong>CREATIVE IDEAS<\/strong><\/div>\t\t\t\t\t\t<div class=\"info-box-inner reset-mb-10\">\n\t\t\t\t\t\t\t<p>Sit eu mauris et ac imperdiet facilisi facilisi nulla adipiscing consectetur vel aliquet at condimentum.<\/p>\n\t\t\t\t\t\t<\/div>\n\n\t\t\t\t\t\t\t\t\t\t\t\t\n\t\t\t\t\t<\/div>\n\n\t\t\t\t\t<style><\/style>\t\t\t\t<\/div>\n\t\t\t<\/div>\n\t\t[\/vc_column_inner][vc_column_inner width=&#8221;1\/2&#8243; css=&#8221;.vc_custom_1505897960260{margin-bottom: 20px !important;border-right-width: 1px !important;border-left-width: 1px !important;padding-top: 0px !important;padding-bottom: 0px !important;border-left-color: rgba(73,73,73,0.09) !important;border-left-style: solid !important;border-right-color: rgba(73,73,73,0.09) !important;border-right-style: solid !important;}&#8221; offset=&#8221;vc_col-lg-3 vc_col-md-6 vc_col-xs-12&#8243;]\t\t\t<div class=\"info-box-wrapper \">\n\t\t\t\t<div id=\"wd-5e014cadbddb6\" class=\" woodmart-info-box text-center box-icon-align-top box-style- color-scheme- woodmart-bg-none box-title-default vc_custom_1577143474604\"  >\n\t\t\t\t\t\t\t\t\t\t\t<div class=\"box-icon-wrapper  box-with-icon box-icon-simple\">\n\t\t\t\t\t\t\t<div class=\"info-box-icon\">\n\n\t\t\t\t\t\t\t\n\t\t\t\t\t\t\t\t\t\t\t\t\t\t\t\t\t\t\t\t\t\t\t\t\t\t\t\t\t\t\t\t\t\n\t\t\t\t\t\t\t\n\t\t\t\t\t\t\t<\/div>\n\t\t\t\t\t\t<\/div>\n\t\t\t\t\t\t\t\t\t\t<div class=\"info-box-content\">\n\t\t\t\t\t\t<div class=\"info-box-subtitle subtitle-color-primary subtitle-style-default woodmart-font-weight-\"><strong>HANDMADE MASTERS<\/strong><\/div>\t\t\t\t\t\t<div class=\"info-box-inner reset-mb-10\">\n\t\t\t\t\t\t\t<p>Sit eu mauris et ac imperdiet facilisi facilisi nulla adipiscing consectetur vel aliquet at condimentum.<\/p>\n\t\t\t\t\t\t<\/div>\n\n\t\t\t\t\t\t\t\t\t\t\t\t\n\t\t\t\t\t<\/div>\n\n\t\t\t\t\t<style><\/style>\t\t\t\t<\/div>\n\t\t\t<\/div>\n\t\t[\/vc_column_inner][vc_column_inner width=&#8221;1\/2&#8243; offset=&#8221;vc_col-lg-3 vc_col-md-6 vc_col-xs-12&#8243;]\t\t\t<div class=\"info-box-wrapper \">\n\t\t\t\t<div id=\"wd-5e014cb506bee\" class=\" woodmart-info-box text-center box-icon-align-top box-style- color-scheme- woodmart-bg-none box-title-default vc_custom_1577143483326\"  >\n\t\t\t\t\t\t\t\t\t\t\t<div class=\"box-icon-wrapper  box-with-icon box-icon-simple\">\n\t\t\t\t\t\t\t<div class=\"info-box-icon\">\n\n\t\t\t\t\t\t\t\n\t\t\t\t\t\t\t\t\t\t\t\t\t\t\t\t\t\t\t\t\t\t\t\t\t\t\t\t\t\t\t\t\t\n\t\t\t\t\t\t\t\n\t\t\t\t\t\t\t<\/div>\n\t\t\t\t\t\t<\/div>\n\t\t\t\t\t\t\t\t\t\t<div class=\"info-box-content\">\n\t\t\t\t\t\t<div class=\"info-box-subtitle subtitle-color-primary subtitle-style-default woodmart-font-weight-\"><strong>FAST DELIVERY<\/strong><\/div>\t\t\t\t\t\t<div class=\"info-box-inner reset-mb-10\">\n\t\t\t\t\t\t\t<p>Sit eu mauris et ac imperdiet facilisi facilisi nulla adipiscing consectetur vel aliquet at condimentum.<\/p>\n\t\t\t\t\t\t<\/div>\n\n\t\t\t\t\t\t\t\t\t\t\t\t\n\t\t\t\t\t<\/div>\n\n\t\t\t\t\t<style><\/style>\t\t\t\t<\/div>\n\t\t\t<\/div>\n\t\t[\/vc_column_inner][\/vc_row_inner][\/vc_column][\/vc_row]<\/p>\n","protected":false},"excerpt":{"rendered":"<p>[vc_row content_placement=&#8221;middle&#8221; css=&#8221;.vc_custom_1583131055448{margin-bottom: 5vh !important;}&#8221; mobile_bg_img_hidden=&#8221;no&#8221; tablet_bg_img_hidden=&#8221;no&#8221; woodmart_parallax=&#8221;0&#8243; woodmart_gradient_switch=&#8221;no&#8221; row_reverse_mobile=&#8221;0&#8243; row_reverse_tablet=&#8221;0&#8243; woodmart_disable_overflow=&#8221;0&#8243;][vc_column width=&#8221;1\/4&#8243; offset=&#8221;vc_col-md-6&#8243; mobile_bg_img_hidden=&#8221;no&#8221; tablet_bg_img_hidden=&#8221;no&#8221; woodmart_parallax=&#8221;0&#8243; woodmart_sticky_column=&#8221;false&#8221; parallax_scroll=&#8221;no&#8221; mobile_reset_margin=&#8221;no&#8221;<\/p>\n","protected":false},"author":1,"featured_media":0,"parent":0,"menu_order":0,"comment_status":"closed","ping_status":"closed","template":"","meta":{"footnotes":""},"class_list":["post-3747","page","type-page","status-publish","hentry"],"_links":{"self":[{"href":"https:\/\/yucecengiz.com\/de\/wp-json\/wp\/v2\/pages\/3747","targetHints":{"allow":["GET"]}}],"collection":[{"href":"https:\/\/yucecengiz.com\/de\/wp-json\/wp\/v2\/pages"}],"about":[{"href":"https:\/\/yucecengiz.com\/de\/wp-json\/wp\/v2\/types\/page"}],"author":[{"embeddable":true,"href":"https:\/\/yucecengiz.com\/de\/wp-json\/wp\/v2\/users\/1"}],"replies":[{"embeddable":true,"href":"https:\/\/yucecengiz.com\/de\/wp-json\/wp\/v2\/comments?post=3747"}],"version-history":[{"count":5,"href":"https:\/\/yucecengiz.com\/de\/wp-json\/wp\/v2\/pages\/3747\/revisions"}],"predecessor-version":[{"id":4921,"href":"https:\/\/yucecengiz.com\/de\/wp-json\/wp\/v2\/pages\/3747\/revisions\/4921"}],"wp:attachment":[{"href":"https:\/\/yucecengiz.com\/de\/wp-json\/wp\/v2\/media?parent=3747"}],"curies":[{"name":"wp","href":"https:\/\/api.w.org\/{rel}","templated":true}]}}